{"id":496,"date":"2020-05-13T07:55:33","date_gmt":"2020-05-13T07:55:33","guid":{"rendered":"http:\/\/sw-themes.com\/porto_dummy\/my-account\/"},"modified":"2020-09-16T23:17:46","modified_gmt":"2020-09-16T23:17:46","slug":"my-account","status":"publish","type":"page","link":"https:\/\/staging.merceariacacilda.pt\/?page_id=496","title":{"rendered":"A minha conta"},"content":{"rendered":"<div class=\"woocommerce\"><div class=\"col-lg-10 mx-auto mb-4\">\r\n\t\t<div class=\"align-left \">\r\n\t\t<div class=\"box-content\">\r\n\t\t\t<div class=\"woocommerce-notices-wrapper\"><\/div>\r\n\t\t\t\r\n\t\t\t<div class=\"u-columns col2-set\" id=\"customer_login\">\r\n\r\n\t\t\t\t<div class=\"u-column1 col-1\">\r\n\r\n\t\t\t\t\t\t\t\t<form class=\"woocommerce-form woocommerce-form-login login pr-lg-4 pe-0\" method=\"post\" novalidate>\r\n\t\t\t\t\t\t<h3 class=\"account-sub-title mb-2 font-weight-bold text-capitalize text-v-dark\">Iniciar sess\u00e3o<\/h3>\r\n\t\t\t\t\t\t\t\t\t\t\t\t\t\t\t\t\t\t<p class=\"woocommerce-form-row woocommerce-form-row--wide form-row form-row-wide\">\r\n\t\t\t\t\t\t\t<label class=\"mb-1 font-weight-medium\" for=\"username\">Nome de utilizador ou email&nbsp;<span class=\"required\" aria-hidden=\"true\">*<\/span><span class=\"screen-reader-text\">Obrigat\u00f3rio<\/span><\/label>\r\n\t\t\t\t\t\t\t<input type=\"text\" class=\"woocommerce-Input woocommerce-Input--text input-text line-height-xl\" name=\"username\" id=\"username\" autocomplete=\"username\" value=\"\" required aria-required=\"true\" \/>\t\t\t\t\t\t<\/p>\r\n\t\t\t\t\t\t<p class=\"woocommerce-form-row woocommerce-form-row--wide form-row form-row-wide mb-2\">\r\n\t\t\t\t\t\t\t<label class=\"mb-1 font-weight-medium\" for=\"password\">Senha&nbsp;<span class=\"required\" aria-hidden=\"true\">*<\/span><span class=\"screen-reader-text\">Obrigat\u00f3rio<\/span><\/label>\r\n\t\t\t\t\t\t\t<input class=\"woocommerce-Input woocommerce-Input--text input-text line-height-xl\" type=\"password\" name=\"password\" id=\"password\" autocomplete=\"current-password\" required aria-required=\"true\" \/>\r\n\t\t\t\t\t\t<\/p>\r\n\r\n\t\t\t\t\t\t\r\n\t\t\t\t\t\t<p class=\"status\" style=\"display: none;\"><\/p>\r\n\r\n\t\t\t\t\t\t<div class=\"woocommerce-LostPassword lost_password d-flex flex-column flex-sm-row justify-content-between mb-4\">\r\n\t\t\t\t\t\t\t<div class=\"porto-checkbox my-2 my-sm-0\">\r\n\t\t\t\t\t\t\t\t<input type=\"checkbox\" name=\"rememberme\" id=\"rememberme\" value=\"forever\" class=\"porto-control-input woocommerce-form__input woocommerce-form__input-checkbox\">\r\n\t\t\t\t\t\t\t\t<label class=\"porto-control-label no-radius\" for=\"rememberme\">Manter sess\u00e3o<\/label>\r\n\t\t\t\t\t\t\t<\/div>\r\n\t\t\t\t\t\t\t<a href=\"https:\/\/staging.merceariacacilda.pt\/?page_id=496&#038;lost-password\" class=\"text-v-dark font-weight-semibold\">Forgot Password?<\/a>\r\n\t\t\t\t\t\t<\/div>\r\n\t\t\t\t\t\t<p class=\"form-row mb-3 mb-lg-0 pb-1 pb-lg-0\">\r\n\t\t\t\t\t\t\t<input type=\"hidden\" id=\"woocommerce-login-nonce\" name=\"woocommerce-login-nonce\" value=\"d747a892dd\" \/><input type=\"hidden\" name=\"_wp_http_referer\" value=\"\/index.php?rest_route=%2Fwp%2Fv2%2Fpages%2F496\" \/>\t\t\t\t\t\t\t<button type=\"submit\" class=\"woocommerce-Button button login-btn btn-v-dark py-3 text-md w-100\" name=\"login\" value=\"Iniciar sess\u00e3o\">Iniciar sess\u00e3o<\/button>\r\n\t\t\t\t\t\t<\/p>\r\n\t\t\t\t\t\t\t\t\t\t\t\t\t\t\t\t\t\t\t\t\t\t\t\t\t\t\t\t\t\t<\/form>\r\n\t\t\t\r\n\t\t\t\t<\/div>\r\n\t\t\t\t<div class=\"u-column2 col-2\">\r\n\t\t\t\t\t<form method=\"post\" class=\"woocommerce-form woocommerce-form-register register pl-lg-4 pe-0\"  >\r\n\t\t\t\t\t\t<h3 class=\"account-sub-title mb-2 font-weight-bold\">Registar nova conta<\/h3>\r\n\t\t\t\t\t\t\r\n\t\t\t\t\t\t\r\n\t\t\t\t\t\t<p class=\"woocommerce-form-row woocommerce-form-row--wide form-row form-row-wide\">\r\n\t\t\t\t\t\t\t<label class=\"font-weight-medium mb-1\" for=\"reg_email\">Endere\u00e7o de email&nbsp;<span class=\"required\" aria-hidden=\"true\">*<\/span><span class=\"screen-reader-text\">Obrigat\u00f3rio<\/span><\/label>\r\n\t\t\t\t\t\t\t<input type=\"email\" class=\"woocommerce-Input woocommerce-Input--text line-height-xl input-text\" name=\"email\" id=\"reg_email\" autocomplete=\"email\" value=\"\" required aria-required=\"true\" \/>\t\t\t\t\t\t<\/p>\r\n\r\n\t\t\t\t\t\t\r\n\t\t\t\t\t\t\t<p>A liga\u00e7\u00e3o para definir uma nova senha ser\u00e1 enviada para o seu endere\u00e7o de email.<\/p>\r\n\r\n\t\t\t\t\t\t\r\n\t\t\t\t\t\t<wc-order-attribution-inputs><\/wc-order-attribution-inputs><div class=\"woocommerce-privacy-policy-text\"><p>Os seus dados pessoais ser\u00e3o utilizados para melhorar a sua experi\u00eancia por toda a loja, para gerir o acesso \u00e0 sua conta e para os prop\u00f3sitos descritos na nossa <a href=\"https:\/\/staging.merceariacacilda.pt\/?page_id=3\" class=\"woocommerce-privacy-policy-link\" target=\"_blank\">pol\u00edtica de privacidade<\/a>.<\/p>\n<\/div>\r\n\t\t\t\t\t\t<p class=\"status\" style=\"display: none;\"><\/p>\r\n\r\n\t\t\t\t\t\t<p class=\"woocommerce-form-row form-row mb-0\">\r\n\t\t\t\t\t\t\t<input type=\"hidden\" id=\"woocommerce-register-nonce\" name=\"woocommerce-register-nonce\" value=\"21c87a99ec\" \/><input type=\"hidden\" name=\"_wp_http_referer\" value=\"\/index.php?rest_route=%2Fwp%2Fv2%2Fpages%2F496\" \/>\t\t\t\t\t\t\t<button type=\"submit\" class=\"woocommerce-Button button register-btn btn-v-dark text-md py-3 w-100\" name=\"register\" value=\"Registar nova conta\">Registar nova conta<\/button>\r\n\t\t\t\t\t\t<\/p>\r\n\r\n\t\t\t\t\t\t\r\n\t\t\t\t\t<\/form>\r\n\r\n\t\t\t\t<\/div>\r\n\t\t\t<\/div>\r\n\t\t\t\r\n\t\t\t\t\t<\/div>\r\n\t<\/div>\r\n<\/div>\r\n<\/div>\n","protected":false},"excerpt":{"rendered":"Iniciar sess\u00e3o Nome de utilizador ou email&nbsp;*Obrigat\u00f3rio Senha&nbsp;*Obrigat\u00f3rio Manter sess\u00e3o Forgot Password? Iniciar sess\u00e3o Registar nova conta Endere\u00e7o de email&nbsp;*Obrigat\u00f3rio A liga\u00e7\u00e3o para definir uma nova senha ser\u00e1 enviada para o seu endere\u00e7o de email. Os seus dados pessoais ser\u00e3o utilizados para melhorar a sua experi\u00eancia por toda a loja, para gerir o acesso \u00e0 [...]","protected":false},"author":2,"featured_media":0,"parent":0,"menu_order":0,"comment_status":"closed","ping_status":"closed","template":"","meta":{"footnotes":""},"class_list":["post-496","page","type-page","status-publish","hentry"],"_links":{"self":[{"href":"https:\/\/staging.merceariacacilda.pt\/index.php?rest_route=\/wp\/v2\/pages\/496","targetHints":{"allow":["GET"]}}],"collection":[{"href":"https:\/\/staging.merceariacacilda.pt\/index.php?rest_route=\/wp\/v2\/pages"}],"about":[{"href":"https:\/\/staging.merceariacacilda.pt\/index.php?rest_route=\/wp\/v2\/types\/page"}],"author":[{"embeddable":true,"href":"https:\/\/staging.merceariacacilda.pt\/index.php?rest_route=\/wp\/v2\/users\/2"}],"replies":[{"embeddable":true,"href":"https:\/\/staging.merceariacacilda.pt\/index.php?rest_route=%2Fwp%2Fv2%2Fcomments&post=496"}],"version-history":[{"count":4,"href":"https:\/\/staging.merceariacacilda.pt\/index.php?rest_route=\/wp\/v2\/pages\/496\/revisions"}],"predecessor-version":[{"id":2436,"href":"https:\/\/staging.merceariacacilda.pt\/index.php?rest_route=\/wp\/v2\/pages\/496\/revisions\/2436"}],"wp:attachment":[{"href":"https:\/\/staging.merceariacacilda.pt\/index.php?rest_route=%2Fwp%2Fv2%2Fmedia&parent=496"}],"curies":[{"name":"wp","href":"https:\/\/api.w.org\/{rel}","templated":true}]}}